{"id":350,"date":"2021-08-20T23:54:09","date_gmt":"2021-08-20T23:54:09","guid":{"rendered":"https:\/\/angiecadi.com\/?page_id=350"},"modified":"2021-08-21T00:05:20","modified_gmt":"2021-08-21T00:05:20","slug":"cuando-perder-el-miedo-al-ridiculo","status":"publish","type":"page","link":"https:\/\/angiecadi.com\/index.php\/cuando-perder-el-miedo-al-ridiculo\/","title":{"rendered":"\u00bfCu\u00e1ndo perder el miedo al rid\u00edculo?"},"content":{"rendered":"\t\t<div data-elementor-type=\"wp-page\" data-elementor-id=\"350\" class=\"elementor elementor-350\">\n\t\t\t\t\t\t<section class=\"elementor-section elementor-top-section elementor-element elementor-element-6d736647 elementor-section-full_width elementor-section-stretched elementor-section-height-default elementor-section-height-default\" data-id=\"6d736647\" data-element_type=\"section\" data-e-type=\"section\" data-settings=\"{&quot;background_background&quot;:&quot;classic&quot;,&quot;stretch_section&quot;:&quot;section-stretched&quot;}\">\n\t\t\t\t\t\t<div class=\"elementor-container elementor-column-gap-default\">\n\t\t\t\t\t<div class=\"elementor-column elementor-col-100 elementor-top-column elementor-element elementor-element-19e1b1d7\" data-id=\"19e1b1d7\" data-element_type=\"column\" data-e-type=\"column\">\n\t\t\t<div class=\"elementor-widget-wrap elementor-element-populated\">\n\t\t\t\t\t\t<div class=\"elementor-element elementor-element-23527b17 elementor-widget elementor-widget-heading\" data-id=\"23527b17\" data-element_type=\"widget\" data-e-type=\"widget\" data-widget_type=\"heading.default\">\n\t\t\t\t<div class=\"elementor-widget-container\">\n\t\t\t\t\t<h3 class=\"elementor-heading-title elementor-size-large\">\u00bfCu\u00e1ndo perder el miedo al rid\u00edculo?<\/h3>\t\t\t\t<\/div>\n\t\t\t\t<\/div>\n\t\t\t\t<section class=\"elementor-section elementor-inner-section elementor-element elementor-element-7c388696 elementor-section-boxed elementor-section-height-default elementor-section-height-default\" data-id=\"7c388696\" data-element_type=\"section\" data-e-type=\"section\">\n\t\t\t\t\t\t<div class=\"elementor-container elementor-column-gap-default\">\n\t\t\t\t\t<div class=\"elementor-column elementor-col-100 elementor-inner-column elementor-element elementor-element-dcfd1c2\" data-id=\"dcfd1c2\" data-element_type=\"column\" data-e-type=\"column\" data-settings=\"{&quot;background_background&quot;:&quot;classic&quot;}\">\n\t\t\t<div class=\"elementor-widget-wrap elementor-element-populated\">\n\t\t\t\t\t\t<div class=\"elementor-element elementor-element-26347cad elementor-widget elementor-widget-image\" data-id=\"26347cad\" data-element_type=\"widget\" data-e-type=\"widget\" data-widget_type=\"image.default\">\n\t\t\t\t<div class=\"elementor-widget-container\">\n\t\t\t\t\t\t\t\t\t\t\t\t\t\t\t<img fetchpriority=\"high\" decoding=\"async\" width=\"625\" height=\"543\" src=\"https:\/\/angiecadi.com\/wp-content\/uploads\/2021\/08\/Perder-el-miedo.jpg\" class=\"attachment-full size-full wp-image-356\" alt=\"\" srcset=\"https:\/\/angiecadi.com\/wp-content\/uploads\/2021\/08\/Perder-el-miedo.jpg 625w, https:\/\/angiecadi.com\/wp-content\/uploads\/2021\/08\/Perder-el-miedo-300x261.jpg 300w\" sizes=\"(max-width: 625px) 100vw, 625px\" \/>\t\t\t\t\t\t\t\t\t\t\t\t\t\t\t<\/div>\n\t\t\t\t<\/div>\n\t\t\t\t<div class=\"elementor-element elementor-element-6a1f929e elementor-widget elementor-widget-text-editor\" data-id=\"6a1f929e\" data-element_type=\"widget\" data-e-type=\"widget\" data-widget_type=\"text-editor.default\">\n\t\t\t\t<div class=\"elementor-widget-container\">\n\t\t\t\t\t\t\t\t\t<p>Una de las primeras cosas que nos pasa cuando empezamos en el mundo de la comunicaci\u00f3n y m\u00e1s en esta era digital es pensar que pudi\u00e9ramos hacer el rid\u00edculo en nuestras actividades, publicaciones, \u00e1reas de acci\u00f3n o trabajo, es un estigma social que muchas veces nos fue inculcado en casa.<\/p><p>\u00a0Algunas veces ha pasado por mi mente, justo hace poco con el \u201c\u00e9xito\u201d de Tik Tok me preguntaba si ser\u00eda capaz de subir videos donde obviamente tuviera que salir a cuadro, la verdad, me dio mucha curiosidad imaginar que lo hiciera, y m\u00e1s all\u00e1 de que lo realice o no, est\u00e1 el punto de a qu\u00e9 es lo que realmente le tenemos miedo, creo que ese es el meollo del asunto, que tanto tenemos la seguridad en nuestra persona.<\/p><p>\u00a0Y justo ah\u00ed es donde empieza todo, no es necesario recibir la aprobaci\u00f3n de nadie, a veces tampoco de nosotros mismos, pero es importante sentirnos c\u00f3modos.<\/p><p>\u00a0En la era que estamos viviendo, no podemos estar aislados de lo que pasa a nuestro alrededor, hoy veo a mis amigos de la universidad que a veces no saben usar lo b\u00e1sico en temas online cuando desde mi punto vista por nuestra \u00e1rea de acci\u00f3n deber\u00edan estar al d\u00eda, pero no es as\u00ed y tampoco est\u00e1n mal.<\/p><p>\u00a0Familiares cercanos, ni siquiera tienen redes sociales y les juro que son muy felices sin ellas, sin la exposici\u00f3n social. Muchas veces los aplaudo.<\/p><p>\u00a0Estar de un lado o el otro no es ning\u00fan pecado, al contrario, cada quien define que est\u00e1 bien en su vida, por qu\u00e9 y c\u00f3mo.<\/p><p>\u00a0Yo decid\u00ed por el mundo digital y muchas veces me veo rebasada, pero eso no me ha quitado las ganas de aprender y sobre todo de pasar el poco conocimiento que tengo a otras personas.<\/p><p>\u00a0Perder el miedo al rid\u00edculo depende de uno y es una decisi\u00f3n tipo adoptar una mascota o no, casarse o no, tener hijos o no\u2026 recuerden cada quien le da el valor a las cosas y las personas y \u00e9sta sin duda es una de ellas.<\/p><p>\u00a0Los invito a seguir compartiendo ideas e historias, aqu\u00ed ser\u00e1 un medio para brindarles un poco de lo que s\u00e9 y creo\u2026<\/p>\t\t\t\t\t\t\t\t<\/div>\n\t\t\t\t<\/div>\n\t\t\t\t\t<\/div>\n\t\t<\/div>\n\t\t\t\t\t<\/div>\n\t\t<\/section>\n\t\t\t\t\t<\/div>\n\t\t<\/div>\n\t\t\t\t\t<\/div>\n\t\t<\/section>\n\t\t\t\t<\/div>\n\t\t","protected":false},"excerpt":{"rendered":"<p>\u00bfCu\u00e1ndo perder el miedo al rid\u00edculo? Una de las primeras cosas que nos pasa cuando &hellip; <\/p>\n","protected":false},"author":1,"featured_media":0,"parent":0,"menu_order":0,"comment_status":"closed","ping_status":"closed","template":"","meta":{"footnotes":""},"class_list":["post-350","page","type-page","status-publish","hentry","latest_post"],"_links":{"self":[{"href":"https:\/\/angiecadi.com\/index.php\/wp-json\/wp\/v2\/pages\/350","targetHints":{"allow":["GET"]}}],"collection":[{"href":"https:\/\/angiecadi.com\/index.php\/wp-json\/wp\/v2\/pages"}],"about":[{"href":"https:\/\/angiecadi.com\/index.php\/wp-json\/wp\/v2\/types\/page"}],"author":[{"embeddable":true,"href":"https:\/\/angiecadi.com\/index.php\/wp-json\/wp\/v2\/users\/1"}],"replies":[{"embeddable":true,"href":"https:\/\/angiecadi.com\/index.php\/wp-json\/wp\/v2\/comments?post=350"}],"version-history":[{"count":4,"href":"https:\/\/angiecadi.com\/index.php\/wp-json\/wp\/v2\/pages\/350\/revisions"}],"predecessor-version":[{"id":359,"href":"https:\/\/angiecadi.com\/index.php\/wp-json\/wp\/v2\/pages\/350\/revisions\/359"}],"wp:attachment":[{"href":"https:\/\/angiecadi.com\/index.php\/wp-json\/wp\/v2\/media?parent=350"}],"curies":[{"name":"wp","href":"https:\/\/api.w.org\/{rel}","templated":true}]}}